{"id":1077,"date":"2023-04-25T12:54:44","date_gmt":"2023-04-25T16:54:44","guid":{"rendered":"https:\/\/facilitech.ca\/?page_id=1077"},"modified":"2023-05-28T20:23:54","modified_gmt":"2023-05-29T00:23:54","slug":"facilicall-center","status":"publish","type":"page","link":"https:\/\/facilitech.ca\/en\/facilicall-center","title":{"rendered":"FaciliCall Center"},"content":{"rendered":"<div data-elementor-type=\"wp-page\" data-elementor-id=\"1077\" class=\"elementor elementor-1077\">\n\t\t\t\t\t\t<div class=\"elementor-inner\">\n\t\t\t\t<div class=\"elementor-section-wrap\">\n\t\t\t\t\t\t\t\t\t<section class=\"elementor-section elementor-top-section elementor-element elementor-element-205c45f elementor-section-boxed elementor-section-height-default elementor-section-height-default\" data-id=\"205c45f\" data-element_type=\"section\">\n\t\t\t\t\t\t<div class=\"elementor-container elementor-column-gap-default\">\n\t\t\t\t\t\t\t<div class=\"elementor-row\">\n\t\t\t\t\t<div class=\"elementor-column elementor-col-66 elementor-top-column elementor-element elementor-element-3081e2e\" data-id=\"3081e2e\" data-element_type=\"column\">\n\t\t\t<div class=\"elementor-column-wrap elementor-element-populated\">\n\t\t\t\t\t\t\t<div class=\"elementor-widget-wrap\">\n\t\t\t\t\t\t<div class=\"elementor-element elementor-element-af1e3b1 elementor-widget elementor-widget-image\" data-id=\"af1e3b1\" data-element_type=\"widget\" data-widget_type=\"image.default\">\n\t\t\t\t<div class=\"elementor-widget-container\">\n\t\t\t\t\t\t\t\t<div class=\"elementor-image\">\n\t\t\t\t\t\t\t\t\t\t\t\t<img loading=\"lazy\" decoding=\"async\" width=\"1024\" height=\"366\" src=\"https:\/\/facilitech.ca\/wp-content\/uploads\/2023\/05\/CC_2-1-1024x366.png\" class=\"attachment-large size-large\" alt=\"\" srcset=\"https:\/\/facilitech.ca\/wp-content\/uploads\/2023\/05\/CC_2-1-1024x366.png 1024w, https:\/\/facilitech.ca\/wp-content\/uploads\/2023\/05\/CC_2-1-300x107.png 300w, https:\/\/facilitech.ca\/wp-content\/uploads\/2023\/05\/CC_2-1-768x274.png 768w, https:\/\/facilitech.ca\/wp-content\/uploads\/2023\/05\/CC_2-1-1536x549.png 1536w, https:\/\/facilitech.ca\/wp-content\/uploads\/2023\/05\/CC_2-1-280x100.png 280w, https:\/\/facilitech.ca\/wp-content\/uploads\/2023\/05\/CC_2-1-224x80.png 224w, https:\/\/facilitech.ca\/wp-content\/uploads\/2023\/05\/CC_2-1-394x141.png 394w, https:\/\/facilitech.ca\/wp-content\/uploads\/2023\/05\/CC_2-1-915x327.png 915w, https:\/\/facilitech.ca\/wp-content\/uploads\/2023\/05\/CC_2-1-1240x443.png 1240w, https:\/\/facilitech.ca\/wp-content\/uploads\/2023\/05\/CC_2-1.png 1920w\" sizes=\"auto, (max-width: 1024px) 100vw, 1024px\" \/>\t\t\t\t\t\t\t\t\t\t\t\t\t\t<\/div>\n\t\t\t\t\t\t<\/div>\n\t\t\t\t<\/div>\n\t\t\t\t\t\t<\/div>\n\t\t\t\t\t<\/div>\n\t\t<\/div>\n\t\t\t\t<div class=\"elementor-column elementor-col-33 elementor-top-column elementor-element elementor-element-bc3dab5\" data-id=\"bc3dab5\" data-element_type=\"column\">\n\t\t\t<div class=\"elementor-column-wrap elementor-element-populated\">\n\t\t\t\t\t\t\t<div class=\"elementor-widget-wrap\">\n\t\t\t\t\t\t<div class=\"elementor-element elementor-element-8c0fb87 para elementor-widget elementor-widget-text-editor\" data-id=\"8c0fb87\" data-element_type=\"widget\" data-widget_type=\"text-editor.default\">\n\t\t\t\t<div class=\"elementor-widget-container\">\n\t\t\t\t\t\t\t\t<div class=\"elementor-text-editor elementor-clearfix\">\n\t\t\t\t<p><strong>You focus on your business, we handle the support.<\/strong><br \/>We handle all your customer interactions\u2014our skilled agents ensure fast, efficient, and high-quality support, delivering a positive experience every time.<\/p>\t\t\t\t\t<\/div>\n\t\t\t\t\t\t<\/div>\n\t\t\t\t<\/div>\n\t\t\t\t\t\t<\/div>\n\t\t\t\t\t<\/div>\n\t\t<\/div>\n\t\t\t\t\t\t\t\t<\/div>\n\t\t\t\t\t<\/div>\n\t\t<\/section>\n\t\t\t\t<section class=\"elementor-section elementor-top-section elementor-element elementor-element-d8cf0ad elementor-section-boxed elementor-section-height-default elementor-section-height-default\" data-id=\"d8cf0ad\" data-element_type=\"section\">\n\t\t\t\t\t\t<div class=\"elementor-container elementor-column-gap-default\">\n\t\t\t\t\t\t\t<div class=\"elementor-row\">\n\t\t\t\t\t<div class=\"elementor-column elementor-col-100 elementor-top-column elementor-element elementor-element-264b5ce\" data-id=\"264b5ce\" data-element_type=\"column\">\n\t\t\t<div class=\"elementor-column-wrap elementor-element-populated\">\n\t\t\t\t\t\t\t<div class=\"elementor-widget-wrap\">\n\t\t\t\t\t\t<div class=\"elementor-element elementor-element-2279610 para elementor-widget elementor-widget-text-editor\" data-id=\"2279610\" data-element_type=\"widget\" data-widget_type=\"text-editor.default\">\n\t\t\t\t<div class=\"elementor-widget-container\">\n\t\t\t\t\t\t\t\t<div class=\"elementor-text-editor elementor-clearfix\">\n\t\t\t\t<p>Our capabilities include:<\/p><ul><li>Continuous 24\/7 Support<\/li><li>Boost Customer Satisfaction<\/li><li>Minimize Customer Wait Times<\/li><li>Boost Customer Loyalty<\/li><li>Boost Your Brand Reputation<\/li><li>Collect Valuable Customer Data<\/li><li>Which can then be used to improve the company\u2019s products and services.<\/li><\/ul><p>Beyond a simple contact center, we help you select the right communication channels for your customers. Our trained agents deliver professional, empathetic support, while our strong technology infrastructure ensures seamless, coordinated interactions.<\/p><p>Tracking customer satisfaction and using data analytics to continuously enhance our contact center performance is what drives our success.<\/p>\t\t\t\t\t<\/div>\n\t\t\t\t\t\t<\/div>\n\t\t\t\t<\/div>\n\t\t\t\t\t\t<\/div>\n\t\t\t\t\t<\/div>\n\t\t<\/div>\n\t\t\t\t\t\t\t\t<\/div>\n\t\t\t\t\t<\/div>\n\t\t<\/section>\n\t\t\t\t<section class=\"elementor-section elementor-top-section elementor-element elementor-element-c4dc11e elementor-section-boxed elementor-section-height-default elementor-section-height-default\" data-id=\"c4dc11e\" data-element_type=\"section\">\n\t\t\t\t\t\t<div class=\"elementor-container elementor-column-gap-default\">\n\t\t\t\t\t\t\t<div class=\"elementor-row\">\n\t\t\t\t\t<div class=\"elementor-column elementor-col-100 elementor-top-column elementor-element elementor-element-ed024ac\" data-id=\"ed024ac\" data-element_type=\"column\">\n\t\t\t<div class=\"elementor-column-wrap elementor-element-populated\">\n\t\t\t\t\t\t\t<div class=\"elementor-widget-wrap\">\n\t\t\t\t\t\t<div class=\"elementor-element elementor-element-e4889ff elementor-widget elementor-widget-spacer\" data-id=\"e4889ff\" data-element_type=\"widget\" data-widget_type=\"spacer.default\">\n\t\t\t\t<div class=\"elementor-widget-container\">\n\t\t\t\t\t<div class=\"elementor-spacer\">\n\t\t\t<div class=\"elementor-spacer-inner\"><\/div>\n\t\t<\/div>\n\t\t\t\t<\/div>\n\t\t\t\t<\/div>\n\t\t\t\t\t\t<\/div>\n\t\t\t\t\t<\/div>\n\t\t<\/div>\n\t\t\t\t\t\t\t\t<\/div>\n\t\t\t\t\t<\/div>\n\t\t<\/section>\n\t\t\t\t\t\t\t\t\t<\/div>\n\t\t\t<\/div>\n\t\t\t\t\t<\/div>","protected":false},"excerpt":{"rendered":"<p>Concentrez-vous sur votre m\u00e9tier nous assurons le support\u2026Notre centre de contact client g\u00e8re les interactions omnicanale avec vos clients. Nos agents de service client\u00e8le qui sont form\u00e9s pour offrir un support client de qualit\u00e9. En Inbound comme en Outbound, nos &hellip; <a href=\"https:\/\/facilitech.ca\/en\/facilicall-center\">Read More<\/a><\/p>","protected":false},"author":2,"featured_media":0,"parent":0,"menu_order":0,"comment_status":"closed","ping_status":"closed","template":"","meta":{"_monsterinsights_skip_tracking":false,"_monsterinsights_sitenote_active":false,"_monsterinsights_sitenote_note":"","_monsterinsights_sitenote_category":0,"footnotes":""},"class_list":["post-1077","page","type-page","status-publish","hentry"],"aioseo_notices":[],"_links":{"self":[{"href":"https:\/\/facilitech.ca\/en\/wp-json\/wp\/v2\/pages\/1077","targetHints":{"allow":["GET"]}}],"collection":[{"href":"https:\/\/facilitech.ca\/en\/wp-json\/wp\/v2\/pages"}],"about":[{"href":"https:\/\/facilitech.ca\/en\/wp-json\/wp\/v2\/types\/page"}],"author":[{"embeddable":true,"href":"https:\/\/facilitech.ca\/en\/wp-json\/wp\/v2\/users\/2"}],"replies":[{"embeddable":true,"href":"https:\/\/facilitech.ca\/en\/wp-json\/wp\/v2\/comments?post=1077"}],"version-history":[{"count":39,"href":"https:\/\/facilitech.ca\/en\/wp-json\/wp\/v2\/pages\/1077\/revisions"}],"predecessor-version":[{"id":1586,"href":"https:\/\/facilitech.ca\/en\/wp-json\/wp\/v2\/pages\/1077\/revisions\/1586"}],"wp:attachment":[{"href":"https:\/\/facilitech.ca\/en\/wp-json\/wp\/v2\/media?parent=1077"}],"curies":[{"name":"wp","href":"https:\/\/api.w.org\/{rel}","templated":true}]}}