{"id":668,"date":"2022-06-15T13:27:53","date_gmt":"2022-06-15T17:27:53","guid":{"rendered":"http:\/\/facilitech.ca\/?page_id=668"},"modified":"2023-07-24T19:37:59","modified_gmt":"2023-07-24T23:37:59","slug":"a-propos-2-2","status":"publish","type":"page","link":"https:\/\/facilitech.ca\/en\/a-propos-2-2","title":{"rendered":"Resource Allocation"},"content":{"rendered":"<div data-elementor-type=\"wp-page\" data-elementor-id=\"668\" class=\"elementor elementor-668\">\n\t\t\t\t\t\t<div class=\"elementor-inner\">\n\t\t\t\t<div class=\"elementor-section-wrap\">\n\t\t\t\t\t\t\t\t\t<section class=\"elementor-section elementor-top-section elementor-element elementor-element-755498f2 hide-overflow elementor-section-boxed elementor-section-height-default elementor-section-height-default\" data-id=\"755498f2\" data-element_type=\"section\" id=\"simple\" data-settings=\"{&quot;background_background&quot;:&quot;classic&quot;}\">\n\t\t\t\t\t\t<div class=\"elementor-container elementor-column-gap-default\">\n\t\t\t\t\t\t\t<div class=\"elementor-row\">\n\t\t\t\t\t<div class=\"elementor-column elementor-col-100 elementor-top-column elementor-element elementor-element-2c923dae\" data-id=\"2c923dae\" data-element_type=\"column\">\n\t\t\t<div class=\"elementor-column-wrap elementor-element-populated\">\n\t\t\t\t\t\t\t<div class=\"elementor-widget-wrap\">\n\t\t\t\t\t\t<div class=\"elementor-element elementor-element-bcd6828 para elementor-view-default elementor-position-top elementor-invisible elementor-widget elementor-widget-themo-header\" data-id=\"bcd6828\" data-element_type=\"widget\" data-settings=\"{&quot;_animation&quot;:&quot;fadeIn&quot;}\" data-widget_type=\"themo-header.default\">\n\t\t\t\t<div class=\"elementor-widget-container\">\n\t\t\t\t\t<div class=\"th-header-wrap\">\n        <div class=\"elementor-icon-box-wrapper\">\n                            <div class=\"elementor-icon-box-content\">\n                    <h2 class=\"elementor-icon-box-title\">\n                                            <\/h2>\n                                        <p class=\"elementor-icon-box-description\">Facilitech provides access to a global talent pool of professionals ready to contribute to your IT projects. Whether you need experienced development teams, skilled developers, or technology experts, we can provide the right resources to support your IT integration and digital transformation initiatives.<\/p>\n\n                                    <\/div>\n            <\/div>\n\n        <\/div>\n\n\t\t\t\t<\/div>\n\t\t\t\t<\/div>\n\t\t\t\t<section class=\"elementor-section elementor-inner-section elementor-element elementor-element-754a0977 elementor-reverse-mobile elementor-section-boxed elementor-section-height-default elementor-section-height-default\" data-id=\"754a0977\" data-element_type=\"section\">\n\t\t\t\t\t\t<div class=\"elementor-container elementor-column-gap-default\">\n\t\t\t\t\t\t\t<div class=\"elementor-row\">\n\t\t\t\t\t<div class=\"elementor-column elementor-col-50 elementor-inner-column elementor-element elementor-element-6f225239\" data-id=\"6f225239\" data-element_type=\"column\">\n\t\t\t<div class=\"elementor-column-wrap elementor-element-populated\">\n\t\t\t\t\t\t\t<div class=\"elementor-widget-wrap\">\n\t\t\t\t\t\t<div class=\"elementor-element elementor-element-ad38251 elementor-invisible elementor-widget elementor-widget-heading\" data-id=\"ad38251\" data-element_type=\"widget\" data-settings=\"{&quot;_animation&quot;:&quot;fadeInRight&quot;}\" data-widget_type=\"heading.default\">\n\t\t\t\t<div class=\"elementor-widget-container\">\n\t\t\t<h4 class=\"elementor-heading-title elementor-size-default\">Telemigration<\/h4>\t\t<\/div>\n\t\t\t\t<\/div>\n\t\t\t\t<div class=\"elementor-element elementor-element-53b0d15e elementor-invisible elementor-widget elementor-widget-heading\" data-id=\"53b0d15e\" data-element_type=\"widget\" data-settings=\"{&quot;_animation&quot;:&quot;fadeInRight&quot;,&quot;_animation_delay&quot;:100}\" data-widget_type=\"heading.default\">\n\t\t\t\t<div class=\"elementor-widget-container\">\n\t\t\t<p class=\"elementor-heading-title elementor-size-default\">Telemigration refers to professionals based abroad working seamlessly within your organization, as if they were in your own offices.\n\nThe scarcity of specialized resources requires us to be more open and innovative. Our clients invest in remote solutions to access rare talent\u2014benefiting from cost savings, enhanced performance, diverse expertise, and increased innovation. <br>La raret\u00e9 des ressources sp\u00e9cialis\u00e9s nous am\u00e8ne \u00e0 \u00eatre plus <b>ouvert <\/b>and <b>inventif<\/b>. Nos clients investissent dans la solution a distance pour  les <b>ressources rares<\/b>, l'<b>\u00e9conomie de co\u00fbts<\/b>, <b>Performance-driven solutions<\/b>, <b>diversit\u00e9 d'exp\u00e9rience<\/b>, innovation,...<\/p>\t\t<\/div>\n\t\t\t\t<\/div>\n\t\t\t\t\t\t<\/div>\n\t\t\t\t\t<\/div>\n\t\t<\/div>\n\t\t\t\t<div class=\"elementor-column elementor-col-50 elementor-inner-column elementor-element elementor-element-af12378\" data-id=\"af12378\" data-element_type=\"column\">\n\t\t\t<div class=\"elementor-column-wrap elementor-element-populated\">\n\t\t\t\t\t\t\t<div class=\"elementor-widget-wrap\">\n\t\t\t\t\t\t<div class=\"elementor-element elementor-element-65afb1d2 elementor-invisible elementor-widget elementor-widget-image\" data-id=\"65afb1d2\" data-element_type=\"widget\" data-settings=\"{&quot;_animation&quot;:&quot;fadeIn&quot;,&quot;_animation_delay&quot;:100}\" data-widget_type=\"image.default\">\n\t\t\t\t<div class=\"elementor-widget-container\">\n\t\t\t\t\t\t\t\t<div class=\"elementor-image\">\n\t\t\t\t\t\t\t\t\t\t\t\t<img loading=\"lazy\" decoding=\"async\" width=\"788\" height=\"490\" src=\"https:\/\/facilitech.ca\/wp-content\/uploads\/2022\/03\/SaaS-5.png\" class=\"attachment-large size-large\" alt=\"\" srcset=\"https:\/\/facilitech.ca\/wp-content\/uploads\/2022\/03\/SaaS-5.png 788w, https:\/\/facilitech.ca\/wp-content\/uploads\/2022\/03\/SaaS-5-300x187.png 300w, https:\/\/facilitech.ca\/wp-content\/uploads\/2022\/03\/SaaS-5-768x478.png 768w, https:\/\/facilitech.ca\/wp-content\/uploads\/2022\/03\/SaaS-5-161x100.png 161w, https:\/\/facilitech.ca\/wp-content\/uploads\/2022\/03\/SaaS-5-129x80.png 129w, https:\/\/facilitech.ca\/wp-content\/uploads\/2022\/03\/SaaS-5-394x245.png 394w\" sizes=\"auto, (max-width: 788px) 100vw, 788px\" \/>\t\t\t\t\t\t\t\t\t\t\t\t\t\t<\/div>\n\t\t\t\t\t\t<\/div>\n\t\t\t\t<\/div>\n\t\t\t\t\t\t<\/div>\n\t\t\t\t\t<\/div>\n\t\t<\/div>\n\t\t\t\t\t\t\t\t<\/div>\n\t\t\t\t\t<\/div>\n\t\t<\/section>\n\t\t\t\t<div class=\"elementor-element elementor-element-a2d0ada elementor-invisible elementor-widget elementor-widget-heading\" data-id=\"a2d0ada\" data-element_type=\"widget\" data-settings=\"{&quot;_animation&quot;:&quot;fadeInRight&quot;,&quot;_animation_delay&quot;:50}\" data-widget_type=\"heading.default\">\n\t\t\t\t<div class=\"elementor-widget-container\">\n\t\t\t<h2 class=\"elementor-heading-title elementor-size-small\">\u2026while you sleep, others are working for you!!! It\u2019s a win-win!!!<\/h2>\t\t<\/div>\n\t\t\t\t<\/div>\n\t\t\t\t<div class=\"elementor-element elementor-element-3a95298f elementor-absolute elementor-widget elementor-widget-image\" data-id=\"3a95298f\" data-element_type=\"widget\" data-settings=\"{&quot;_position&quot;:&quot;absolute&quot;}\" data-widget_type=\"image.default\">\n\t\t\t\t<div class=\"elementor-widget-container\">\n\t\t\t\t\t\t\t\t<div class=\"elementor-image\">\n\t\t\t\t\t\t\t\t\t\t\t\t<img loading=\"lazy\" decoding=\"async\" width=\"727\" height=\"730\" src=\"https:\/\/facilitech.ca\/wp-content\/uploads\/2022\/03\/circle1.png\" class=\"attachment-full size-full\" alt=\"\" srcset=\"https:\/\/facilitech.ca\/wp-content\/uploads\/2022\/03\/circle1.png 727w, https:\/\/facilitech.ca\/wp-content\/uploads\/2022\/03\/circle1-300x300.png 300w, https:\/\/facilitech.ca\/wp-content\/uploads\/2022\/03\/circle1-150x150.png 150w, https:\/\/facilitech.ca\/wp-content\/uploads\/2022\/03\/circle1-100x100.png 100w, https:\/\/facilitech.ca\/wp-content\/uploads\/2022\/03\/circle1-80x80.png 80w, https:\/\/facilitech.ca\/wp-content\/uploads\/2022\/03\/circle1-302x303.png 302w, https:\/\/facilitech.ca\/wp-content\/uploads\/2022\/03\/circle1-697x700.png 697w\" sizes=\"auto, (max-width: 727px) 100vw, 727px\" \/>\t\t\t\t\t\t\t\t\t\t\t\t\t\t<\/div>\n\t\t\t\t\t\t<\/div>\n\t\t\t\t<\/div>\n\t\t\t\t<div class=\"elementor-element elementor-element-5c09525e elementor-absolute elementor-widget elementor-widget-image\" data-id=\"5c09525e\" data-element_type=\"widget\" data-settings=\"{&quot;_position&quot;:&quot;absolute&quot;}\" data-widget_type=\"image.default\">\n\t\t\t\t<div class=\"elementor-widget-container\">\n\t\t\t\t\t\t\t\t<div class=\"elementor-image\">\n\t\t\t\t\t\t\t\t\t\t\t\t<img loading=\"lazy\" decoding=\"async\" width=\"727\" height=\"730\" src=\"https:\/\/facilitech.ca\/wp-content\/uploads\/2022\/03\/circle1.png\" class=\"attachment-full size-full\" alt=\"\" srcset=\"https:\/\/facilitech.ca\/wp-content\/uploads\/2022\/03\/circle1.png 727w, https:\/\/facilitech.ca\/wp-content\/uploads\/2022\/03\/circle1-300x300.png 300w, https:\/\/facilitech.ca\/wp-content\/uploads\/2022\/03\/circle1-150x150.png 150w, https:\/\/facilitech.ca\/wp-content\/uploads\/2022\/03\/circle1-100x100.png 100w, https:\/\/facilitech.ca\/wp-content\/uploads\/2022\/03\/circle1-80x80.png 80w, https:\/\/facilitech.ca\/wp-content\/uploads\/2022\/03\/circle1-302x303.png 302w, https:\/\/facilitech.ca\/wp-content\/uploads\/2022\/03\/circle1-697x700.png 697w\" sizes=\"auto, (max-width: 727px) 100vw, 727px\" \/>\t\t\t\t\t\t\t\t\t\t\t\t\t\t<\/div>\n\t\t\t\t\t\t<\/div>\n\t\t\t\t<\/div>\n\t\t\t\t\t\t<\/div>\n\t\t\t\t\t<\/div>\n\t\t<\/div>\n\t\t\t\t\t\t\t\t<\/div>\n\t\t\t\t\t<\/div>\n\t\t<\/section>\n\t\t\t\t<section class=\"elementor-section elementor-top-section elementor-element elementor-element-1ddbe290 elementor-section-boxed elementor-section-height-default elementor-section-height-default\" data-id=\"1ddbe290\" data-element_type=\"section\" data-settings=\"{&quot;background_background&quot;:&quot;gradient&quot;}\">\n\t\t\t\t\t\t<div class=\"elementor-container elementor-column-gap-default\">\n\t\t\t\t\t\t\t<div class=\"elementor-row\">\n\t\t\t\t\t<div class=\"elementor-column elementor-col-100 elementor-top-column elementor-element elementor-element-c017e74\" data-id=\"c017e74\" data-element_type=\"column\">\n\t\t\t<div class=\"elementor-column-wrap\">\n\t\t\t\t\t\t\t<div class=\"elementor-widget-wrap\">\n\t\t\t\t\t\t\t\t<\/div>\n\t\t\t\t\t<\/div>\n\t\t<\/div>\n\t\t\t\t\t\t\t\t<\/div>\n\t\t\t\t\t<\/div>\n\t\t<\/section>\n\t\t\t\t\t\t\t\t\t<\/div>\n\t\t\t<\/div>\n\t\t\t\t\t<\/div>","protected":false},"excerpt":{"rendered":"<p>Facilitech dispose d&rsquo;une base de donn\u00e9es de ressources travaillant \u00e0 l&rsquo;\u00e9tranger pr\u00eat \u00e0 participer \u00e0 vos projets informatiques. Qu&rsquo;il s&rsquo;agit d&rsquo;\u00e9quipes matures de d\u00e9veloppement, de d\u00e9veloppeurs, d&rsquo;experts technologique, nous pouvons mettre \u00e0 votre disposition les ressources n\u00e9cessaires pour vos projets &hellip; <a href=\"https:\/\/facilitech.ca\/en\/a-propos-2-2\">Read More<\/a><\/p>","protected":false},"author":1,"featured_media":0,"parent":0,"menu_order":0,"comment_status":"closed","ping_status":"closed","template":"","meta":{"_monsterinsights_skip_tracking":false,"_monsterinsights_sitenote_active":false,"_monsterinsights_sitenote_note":"","_monsterinsights_sitenote_category":0,"footnotes":""},"class_list":["post-668","page","type-page","status-publish","hentry"],"aioseo_notices":[],"_links":{"self":[{"href":"https:\/\/facilitech.ca\/en\/wp-json\/wp\/v2\/pages\/668","targetHints":{"allow":["GET"]}}],"collection":[{"href":"https:\/\/facilitech.ca\/en\/wp-json\/wp\/v2\/pages"}],"about":[{"href":"https:\/\/facilitech.ca\/en\/wp-json\/wp\/v2\/types\/page"}],"author":[{"embeddable":true,"href":"https:\/\/facilitech.ca\/en\/wp-json\/wp\/v2\/users\/1"}],"replies":[{"embeddable":true,"href":"https:\/\/facilitech.ca\/en\/wp-json\/wp\/v2\/comments?post=668"}],"version-history":[{"count":56,"href":"https:\/\/facilitech.ca\/en\/wp-json\/wp\/v2\/pages\/668\/revisions"}],"predecessor-version":[{"id":1638,"href":"https:\/\/facilitech.ca\/en\/wp-json\/wp\/v2\/pages\/668\/revisions\/1638"}],"wp:attachment":[{"href":"https:\/\/facilitech.ca\/en\/wp-json\/wp\/v2\/media?parent=668"}],"curies":[{"name":"wp","href":"https:\/\/api.w.org\/{rel}","templated":true}]}}