{"id":1077,"date":"2023-04-25T12:54:44","date_gmt":"2023-04-25T16:54:44","guid":{"rendered":"https:\/\/facilitech.ca\/?page_id=1077"},"modified":"2023-05-28T20:23:54","modified_gmt":"2023-05-29T00:23:54","slug":"facilicall-center","status":"publish","type":"page","link":"https:\/\/facilitech.ca\/facilicall-center","title":{"rendered":"FaciliCall Center"},"content":{"rendered":"\t\t<div data-elementor-type=\"wp-page\" data-elementor-id=\"1077\" class=\"elementor elementor-1077\">\n\t\t\t\t\t\t<div class=\"elementor-inner\">\n\t\t\t\t<div class=\"elementor-section-wrap\">\n\t\t\t\t\t\t\t\t\t<section class=\"elementor-section elementor-top-section elementor-element elementor-element-205c45f elementor-section-boxed elementor-section-height-default elementor-section-height-default\" data-id=\"205c45f\" data-element_type=\"section\">\n\t\t\t\t\t\t<div class=\"elementor-container elementor-column-gap-default\">\n\t\t\t\t\t\t\t<div class=\"elementor-row\">\n\t\t\t\t\t<div class=\"elementor-column elementor-col-66 elementor-top-column elementor-element elementor-element-3081e2e\" data-id=\"3081e2e\" data-element_type=\"column\">\n\t\t\t<div class=\"elementor-column-wrap elementor-element-populated\">\n\t\t\t\t\t\t\t<div class=\"elementor-widget-wrap\">\n\t\t\t\t\t\t<div class=\"elementor-element elementor-element-af1e3b1 elementor-widget elementor-widget-image\" data-id=\"af1e3b1\" data-element_type=\"widget\" data-widget_type=\"image.default\">\n\t\t\t\t<div class=\"elementor-widget-container\">\n\t\t\t\t\t\t\t\t<div class=\"elementor-image\">\n\t\t\t\t\t\t\t\t\t\t\t\t<img loading=\"lazy\" decoding=\"async\" width=\"1024\" height=\"366\" src=\"https:\/\/facilitech.ca\/wp-content\/uploads\/2023\/05\/CC_2-1-1024x366.png\" class=\"attachment-large size-large\" alt=\"\" srcset=\"https:\/\/facilitech.ca\/wp-content\/uploads\/2023\/05\/CC_2-1-1024x366.png 1024w, https:\/\/facilitech.ca\/wp-content\/uploads\/2023\/05\/CC_2-1-300x107.png 300w, https:\/\/facilitech.ca\/wp-content\/uploads\/2023\/05\/CC_2-1-768x274.png 768w, https:\/\/facilitech.ca\/wp-content\/uploads\/2023\/05\/CC_2-1-1536x549.png 1536w, https:\/\/facilitech.ca\/wp-content\/uploads\/2023\/05\/CC_2-1-280x100.png 280w, https:\/\/facilitech.ca\/wp-content\/uploads\/2023\/05\/CC_2-1-224x80.png 224w, https:\/\/facilitech.ca\/wp-content\/uploads\/2023\/05\/CC_2-1-394x141.png 394w, https:\/\/facilitech.ca\/wp-content\/uploads\/2023\/05\/CC_2-1-915x327.png 915w, https:\/\/facilitech.ca\/wp-content\/uploads\/2023\/05\/CC_2-1-1240x443.png 1240w, https:\/\/facilitech.ca\/wp-content\/uploads\/2023\/05\/CC_2-1.png 1920w\" sizes=\"auto, (max-width: 1024px) 100vw, 1024px\" \/>\t\t\t\t\t\t\t\t\t\t\t\t\t\t<\/div>\n\t\t\t\t\t\t<\/div>\n\t\t\t\t<\/div>\n\t\t\t\t\t\t<\/div>\n\t\t\t\t\t<\/div>\n\t\t<\/div>\n\t\t\t\t<div class=\"elementor-column elementor-col-33 elementor-top-column elementor-element elementor-element-bc3dab5\" data-id=\"bc3dab5\" data-element_type=\"column\">\n\t\t\t<div class=\"elementor-column-wrap elementor-element-populated\">\n\t\t\t\t\t\t\t<div class=\"elementor-widget-wrap\">\n\t\t\t\t\t\t<div class=\"elementor-element elementor-element-8c0fb87 para elementor-widget elementor-widget-text-editor\" data-id=\"8c0fb87\" data-element_type=\"widget\" data-widget_type=\"text-editor.default\">\n\t\t\t\t<div class=\"elementor-widget-container\">\n\t\t\t\t\t\t\t\t<div class=\"elementor-text-editor elementor-clearfix\">\n\t\t\t\t<p><strong>Concentrez-vous sur votre m\u00e9tier nous assurons le support\u2026<\/strong><br \/>Notre centre de contact client g\u00e8re les interactions omnicanale avec vos clients. Nos agents de service client\u00e8le qui sont form\u00e9s pour offrir un support client de qualit\u00e9. En Inbound comme en Outbound, nos services sp\u00e9cialis\u00e9 sont con\u00e7us pour offrir aux clients une exp\u00e9rience positive en traitant rapidement et efficacement leurs demandes et leurs probl\u00e8mes.<\/p>\t\t\t\t\t<\/div>\n\t\t\t\t\t\t<\/div>\n\t\t\t\t<\/div>\n\t\t\t\t\t\t<\/div>\n\t\t\t\t\t<\/div>\n\t\t<\/div>\n\t\t\t\t\t\t\t\t<\/div>\n\t\t\t\t\t<\/div>\n\t\t<\/section>\n\t\t\t\t<section class=\"elementor-section elementor-top-section elementor-element elementor-element-d8cf0ad elementor-section-boxed elementor-section-height-default elementor-section-height-default\" data-id=\"d8cf0ad\" data-element_type=\"section\">\n\t\t\t\t\t\t<div class=\"elementor-container elementor-column-gap-default\">\n\t\t\t\t\t\t\t<div class=\"elementor-row\">\n\t\t\t\t\t<div class=\"elementor-column elementor-col-100 elementor-top-column elementor-element elementor-element-264b5ce\" data-id=\"264b5ce\" data-element_type=\"column\">\n\t\t\t<div class=\"elementor-column-wrap elementor-element-populated\">\n\t\t\t\t\t\t\t<div class=\"elementor-widget-wrap\">\n\t\t\t\t\t\t<div class=\"elementor-element elementor-element-2279610 para elementor-widget elementor-widget-text-editor\" data-id=\"2279610\" data-element_type=\"widget\" data-widget_type=\"text-editor.default\">\n\t\t\t\t<div class=\"elementor-widget-container\">\n\t\t\t\t\t\t\t\t<div class=\"elementor-text-editor elementor-clearfix\">\n\t\t\t\t<p>Nous sommes \u00e9quip\u00e9s pour :<\/p><ul><li>Continuer le\u00a0 service 24h<\/li><li>Augmenter la satisfaction cliente<\/li><li>R\u00e9duire les temps d&rsquo;attente<\/li><li>Augmenter la fid\u00e9lit\u00e9 des clients<\/li><li>Am\u00e9liorer\u00a0 la r\u00e9putation de votre entreprise<\/li><li>Collecter les donn\u00e9es pr\u00e9cieuses sur les clients<\/li><li>Qui peuvent ensuite \u00eatre utilis\u00e9es pour am\u00e9liorer les produits et services de l&rsquo;entreprise.<\/li><\/ul><p>Plus qu\u2019un centre de contact client efficace, nous vous accompagnons dans le choix des bons canaux de communication en fonction des besoins et des pr\u00e9f\u00e9rences des clients. Nos agents sont form\u00e9s pour donner un service professionnel et empathique aux demandes des clients. Notre infrastructure\u00a0 technologique solide pour nous permet de g\u00e9rer les interactions de mani\u00e8re efficace et coordonn\u00e9e.<\/p><p>Le suivi de la satisfaction client et l\u2019utilisation de l&rsquo;analyse de donn\u00e9es pour am\u00e9liorer continuellement les performances du centre de contact client sont les garantis de notre succ\u00e8s.<\/p>\t\t\t\t\t<\/div>\n\t\t\t\t\t\t<\/div>\n\t\t\t\t<\/div>\n\t\t\t\t\t\t<\/div>\n\t\t\t\t\t<\/div>\n\t\t<\/div>\n\t\t\t\t\t\t\t\t<\/div>\n\t\t\t\t\t<\/div>\n\t\t<\/section>\n\t\t\t\t<section class=\"elementor-section elementor-top-section elementor-element elementor-element-c4dc11e elementor-section-boxed elementor-section-height-default elementor-section-height-default\" data-id=\"c4dc11e\" data-element_type=\"section\">\n\t\t\t\t\t\t<div class=\"elementor-container elementor-column-gap-default\">\n\t\t\t\t\t\t\t<div class=\"elementor-row\">\n\t\t\t\t\t<div class=\"elementor-column elementor-col-100 elementor-top-column elementor-element elementor-element-ed024ac\" data-id=\"ed024ac\" data-element_type=\"column\">\n\t\t\t<div class=\"elementor-column-wrap elementor-element-populated\">\n\t\t\t\t\t\t\t<div class=\"elementor-widget-wrap\">\n\t\t\t\t\t\t<div class=\"elementor-element elementor-element-e4889ff elementor-widget elementor-widget-spacer\" data-id=\"e4889ff\" data-element_type=\"widget\" data-widget_type=\"spacer.default\">\n\t\t\t\t<div class=\"elementor-widget-container\">\n\t\t\t\t\t<div class=\"elementor-spacer\">\n\t\t\t<div class=\"elementor-spacer-inner\"><\/div>\n\t\t<\/div>\n\t\t\t\t<\/div>\n\t\t\t\t<\/div>\n\t\t\t\t\t\t<\/div>\n\t\t\t\t\t<\/div>\n\t\t<\/div>\n\t\t\t\t\t\t\t\t<\/div>\n\t\t\t\t\t<\/div>\n\t\t<\/section>\n\t\t\t\t\t\t\t\t\t<\/div>\n\t\t\t<\/div>\n\t\t\t\t\t<\/div>\n\t\t","protected":false},"excerpt":{"rendered":"<p>Concentrez-vous sur votre m\u00e9tier nous assurons le support\u2026Notre centre de contact client g\u00e8re les interactions omnicanale avec vos clients. Nos agents de service client\u00e8le qui sont form\u00e9s pour offrir un support client de qualit\u00e9. En Inbound comme en Outbound, nos &hellip; <a href=\"https:\/\/facilitech.ca\/facilicall-center\">Read More<\/a><\/p>\n","protected":false},"author":2,"featured_media":0,"parent":0,"menu_order":0,"comment_status":"closed","ping_status":"closed","template":"","meta":{"_monsterinsights_skip_tracking":false,"_monsterinsights_sitenote_active":false,"_monsterinsights_sitenote_note":"","_monsterinsights_sitenote_category":0,"footnotes":""},"class_list":["post-1077","page","type-page","status-publish","hentry"],"aioseo_notices":[],"_links":{"self":[{"href":"https:\/\/facilitech.ca\/wp-json\/wp\/v2\/pages\/1077","targetHints":{"allow":["GET"]}}],"collection":[{"href":"https:\/\/facilitech.ca\/wp-json\/wp\/v2\/pages"}],"about":[{"href":"https:\/\/facilitech.ca\/wp-json\/wp\/v2\/types\/page"}],"author":[{"embeddable":true,"href":"https:\/\/facilitech.ca\/wp-json\/wp\/v2\/users\/2"}],"replies":[{"embeddable":true,"href":"https:\/\/facilitech.ca\/wp-json\/wp\/v2\/comments?post=1077"}],"version-history":[{"count":39,"href":"https:\/\/facilitech.ca\/wp-json\/wp\/v2\/pages\/1077\/revisions"}],"predecessor-version":[{"id":1586,"href":"https:\/\/facilitech.ca\/wp-json\/wp\/v2\/pages\/1077\/revisions\/1586"}],"wp:attachment":[{"href":"https:\/\/facilitech.ca\/wp-json\/wp\/v2\/media?parent=1077"}],"curies":[{"name":"wp","href":"https:\/\/api.w.org\/{rel}","templated":true}]}}