{"id":1431,"date":"2023-05-15T12:04:04","date_gmt":"2023-05-15T16:04:04","guid":{"rendered":"https:\/\/facilitech.ca\/?page_id=1431"},"modified":"2023-05-28T20:41:29","modified_gmt":"2023-05-29T00:41:29","slug":"services-specialises","status":"publish","type":"page","link":"https:\/\/facilitech.ca\/services-specialises","title":{"rendered":"Services Sp\u00e9cialis\u00e9s"},"content":{"rendered":"\t\t<div data-elementor-type=\"wp-page\" data-elementor-id=\"1431\" class=\"elementor elementor-1431\">\n\t\t\t\t\t\t<div class=\"elementor-inner\">\n\t\t\t\t<div class=\"elementor-section-wrap\">\n\t\t\t\t\t\t\t\t\t<section class=\"elementor-section elementor-top-section elementor-element elementor-element-f23d8d6 elementor-section-boxed elementor-section-height-default elementor-section-height-default\" data-id=\"f23d8d6\" data-element_type=\"section\">\n\t\t\t\t\t\t<div class=\"elementor-container elementor-column-gap-default\">\n\t\t\t\t\t\t\t<div class=\"elementor-row\">\n\t\t\t\t\t<div class=\"elementor-column elementor-col-50 elementor-top-column elementor-element elementor-element-f6d95e3\" data-id=\"f6d95e3\" data-element_type=\"column\">\n\t\t\t<div class=\"elementor-column-wrap elementor-element-populated\">\n\t\t\t\t\t\t\t<div class=\"elementor-widget-wrap\">\n\t\t\t\t\t\t<div class=\"elementor-element elementor-element-af1e3b1 elementor-widget elementor-widget-image\" data-id=\"af1e3b1\" data-element_type=\"widget\" data-widget_type=\"image.default\">\n\t\t\t\t<div class=\"elementor-widget-container\">\n\t\t\t\t\t\t\t\t<div class=\"elementor-image\">\n\t\t\t\t\t\t\t\t\t\t\t\t<img loading=\"lazy\" decoding=\"async\" width=\"1024\" height=\"871\" src=\"https:\/\/facilitech.ca\/wp-content\/uploads\/2023\/05\/prie-rv-1024x871.png\" class=\"attachment-large size-large\" alt=\"\" srcset=\"https:\/\/facilitech.ca\/wp-content\/uploads\/2023\/05\/prie-rv-1024x871.png 1024w, https:\/\/facilitech.ca\/wp-content\/uploads\/2023\/05\/prie-rv-300x255.png 300w, https:\/\/facilitech.ca\/wp-content\/uploads\/2023\/05\/prie-rv-768x653.png 768w, https:\/\/facilitech.ca\/wp-content\/uploads\/2023\/05\/prie-rv-1536x1307.png 1536w, https:\/\/facilitech.ca\/wp-content\/uploads\/2023\/05\/prie-rv-118x100.png 118w, https:\/\/facilitech.ca\/wp-content\/uploads\/2023\/05\/prie-rv-94x80.png 94w, https:\/\/facilitech.ca\/wp-content\/uploads\/2023\/05\/prie-rv-356x303.png 356w, https:\/\/facilitech.ca\/wp-content\/uploads\/2023\/05\/prie-rv-823x700.png 823w, https:\/\/facilitech.ca\/wp-content\/uploads\/2023\/05\/prie-rv-1117x950.png 1117w, https:\/\/facilitech.ca\/wp-content\/uploads\/2023\/05\/prie-rv-1269x1080.png 1269w, https:\/\/facilitech.ca\/wp-content\/uploads\/2023\/05\/prie-rv.png 1930w\" sizes=\"auto, (max-width: 1024px) 100vw, 1024px\" \/>\t\t\t\t\t\t\t\t\t\t\t\t\t\t<\/div>\n\t\t\t\t\t\t<\/div>\n\t\t\t\t<\/div>\n\t\t\t\t\t\t<\/div>\n\t\t\t\t\t<\/div>\n\t\t<\/div>\n\t\t\t\t<div class=\"elementor-column elementor-col-50 elementor-top-column elementor-element elementor-element-0026ac0\" data-id=\"0026ac0\" data-element_type=\"column\">\n\t\t\t<div class=\"elementor-column-wrap elementor-element-populated\">\n\t\t\t\t\t\t\t<div class=\"elementor-widget-wrap\">\n\t\t\t\t\t\t<div class=\"elementor-element elementor-element-904639d para elementor-widget elementor-widget-text-editor\" data-id=\"904639d\" data-element_type=\"widget\" data-widget_type=\"text-editor.default\">\n\t\t\t\t<div class=\"elementor-widget-container\">\n\t\t\t\t\t\t\t\t<div class=\"elementor-text-editor elementor-clearfix\">\n\t\t\t\t<h3><strong>Prise de rendez-vous<\/strong><\/h3><p>FaciliCall Center est sp\u00e9cialis\u00e9 dans la prise de rendez-vous qualifi\u00e9e, nous d\u00e9veloppons nos m\u00e9thodes de production et de contr\u00f4le qualit\u00e9 jour apr\u00e8s jour afin d\u2019accro\u00eetre \u00e0 la fois les r\u00e9sultats et la satisfaction de nos clients.<\/p><p>FaciliCall Center d\u00e9ploie des outils et proc\u00e9dures sp\u00e9cifiques :<\/p><ul><li>Une \u00e9quipe exp\u00e9riment\u00e9e dans le domaine de la t\u00e9l\u00e9prospection<\/li><li>Contr\u00f4le qualit\u00e9, \u00e9coute \u00e0 chaud et validation \u00e0 froid<\/li><li>Suivi rapproch\u00e9 des \u00e9quipes de t\u00e9l\u00e9prospection<\/li><li>Des formations de perfectionnement hebdomadaires, et au besoin, sous le th\u00e8me de la prise de rendez-vous<\/li><li>Distinction d\u2019argumentaires sp\u00e9cifiques aux besoins de la prise de rendez-vous qu\u2019elle soit B2C ou B2B<\/li><\/ul>\t\t\t\t\t<\/div>\n\t\t\t\t\t\t<\/div>\n\t\t\t\t<\/div>\n\t\t\t\t\t\t<\/div>\n\t\t\t\t\t<\/div>\n\t\t<\/div>\n\t\t\t\t\t\t\t\t<\/div>\n\t\t\t\t\t<\/div>\n\t\t<\/section>\n\t\t\t\t<section class=\"elementor-section elementor-top-section elementor-element elementor-element-a41ea6a elementor-reverse-mobile elementor-section-boxed elementor-section-height-default elementor-section-height-default\" data-id=\"a41ea6a\" data-element_type=\"section\">\n\t\t\t\t\t\t<div class=\"elementor-container elementor-column-gap-default\">\n\t\t\t\t\t\t\t<div class=\"elementor-row\">\n\t\t\t\t\t<div class=\"elementor-column elementor-col-50 elementor-top-column elementor-element elementor-element-d0e9f8e\" data-id=\"d0e9f8e\" data-element_type=\"column\">\n\t\t\t<div class=\"elementor-column-wrap elementor-element-populated\">\n\t\t\t\t\t\t\t<div class=\"elementor-widget-wrap\">\n\t\t\t\t\t\t<div class=\"elementor-element elementor-element-502abfa para elementor-widget elementor-widget-text-editor\" data-id=\"502abfa\" data-element_type=\"widget\" data-widget_type=\"text-editor.default\">\n\t\t\t\t<div class=\"elementor-widget-container\">\n\t\t\t\t\t\t\t\t<div class=\"elementor-text-editor elementor-clearfix\">\n\t\t\t\t<h2><strong>La T\u00e9l\u00e9vente<\/strong><\/h2><p>Pour toutes vos campagnes de t\u00e9l\u00e9vente directe ou de closing de vente en appels sortants ou en appels entrants, nous mettons \u00e0 votre disposition notre expertise \u00e0 travers nos commerciaux et charg\u00e9s d\u2019affaires avec une exp\u00e9rience \u00e9prouv\u00e9e dans la t\u00e9l\u00e9vente.<\/p><ul><li>Une \u00e9quipe form\u00e9e aux sp\u00e9cificit\u00e9s de la vente \u00e0 distance par t\u00e9l\u00e9phone<\/li><li>Des process terrains et argumentaires adapt\u00e9s<\/li><li>Une d\u00e9tection cibl\u00e9e des secteurs \u00e0 fort potentiel<\/li><li>Des techniques \u00e9prouv\u00e9es pour maximiser votre chiffre d\u2019affaires<\/li><li>Des comptes-rendus adapt\u00e9s \u00e0 vos besoins analytiques<\/li><\/ul>\t\t\t\t\t<\/div>\n\t\t\t\t\t\t<\/div>\n\t\t\t\t<\/div>\n\t\t\t\t\t\t<\/div>\n\t\t\t\t\t<\/div>\n\t\t<\/div>\n\t\t\t\t<div class=\"elementor-column elementor-col-50 elementor-top-column elementor-element elementor-element-4cc9547\" data-id=\"4cc9547\" data-element_type=\"column\">\n\t\t\t<div class=\"elementor-column-wrap elementor-element-populated\">\n\t\t\t\t\t\t\t<div class=\"elementor-widget-wrap\">\n\t\t\t\t\t\t<div class=\"elementor-element elementor-element-05dbbd7 elementor-widget elementor-widget-image\" data-id=\"05dbbd7\" data-element_type=\"widget\" data-widget_type=\"image.default\">\n\t\t\t\t<div class=\"elementor-widget-container\">\n\t\t\t\t\t\t\t\t<div class=\"elementor-image\">\n\t\t\t\t\t\t\t\t\t\t\t\t<img loading=\"lazy\" decoding=\"async\" width=\"512\" height=\"512\" src=\"https:\/\/facilitech.ca\/wp-content\/uploads\/2023\/05\/televente.png\" class=\"attachment-large size-large\" alt=\"\" srcset=\"https:\/\/facilitech.ca\/wp-content\/uploads\/2023\/05\/televente.png 512w, https:\/\/facilitech.ca\/wp-content\/uploads\/2023\/05\/televente-300x300.png 300w, https:\/\/facilitech.ca\/wp-content\/uploads\/2023\/05\/televente-150x150.png 150w, https:\/\/facilitech.ca\/wp-content\/uploads\/2023\/05\/televente-100x100.png 100w, https:\/\/facilitech.ca\/wp-content\/uploads\/2023\/05\/televente-80x80.png 80w, https:\/\/facilitech.ca\/wp-content\/uploads\/2023\/05\/televente-394x394.png 394w, https:\/\/facilitech.ca\/wp-content\/uploads\/2023\/05\/televente-303x303.png 303w\" sizes=\"auto, (max-width: 512px) 100vw, 512px\" \/>\t\t\t\t\t\t\t\t\t\t\t\t\t\t<\/div>\n\t\t\t\t\t\t<\/div>\n\t\t\t\t<\/div>\n\t\t\t\t\t\t<\/div>\n\t\t\t\t\t<\/div>\n\t\t<\/div>\n\t\t\t\t\t\t\t\t<\/div>\n\t\t\t\t\t<\/div>\n\t\t<\/section>\n\t\t\t\t<section class=\"elementor-section elementor-top-section elementor-element elementor-element-c443beb elementor-section-boxed elementor-section-height-default elementor-section-height-default\" data-id=\"c443beb\" data-element_type=\"section\">\n\t\t\t\t\t\t<div class=\"elementor-container elementor-column-gap-default\">\n\t\t\t\t\t\t\t<div class=\"elementor-row\">\n\t\t\t\t\t<div class=\"elementor-column elementor-col-50 elementor-top-column elementor-element elementor-element-8081599\" data-id=\"8081599\" data-element_type=\"column\">\n\t\t\t<div class=\"elementor-column-wrap elementor-element-populated\">\n\t\t\t\t\t\t\t<div class=\"elementor-widget-wrap\">\n\t\t\t\t\t\t<div class=\"elementor-element elementor-element-dde45d1 elementor-widget elementor-widget-image\" data-id=\"dde45d1\" data-element_type=\"widget\" data-widget_type=\"image.default\">\n\t\t\t\t<div class=\"elementor-widget-container\">\n\t\t\t\t\t\t\t\t<div class=\"elementor-image\">\n\t\t\t\t\t\t\t\t\t\t\t\t<img loading=\"lazy\" decoding=\"async\" width=\"915\" height=\"555\" src=\"https:\/\/facilitech.ca\/wp-content\/uploads\/2023\/05\/enqSond2-915x555.png\" class=\"attachment-th_img_lg size-th_img_lg\" alt=\"\" srcset=\"https:\/\/facilitech.ca\/wp-content\/uploads\/2023\/05\/enqSond2-915x555.png 915w, https:\/\/facilitech.ca\/wp-content\/uploads\/2023\/05\/enqSond2-300x182.png 300w, https:\/\/facilitech.ca\/wp-content\/uploads\/2023\/05\/enqSond2-1024x621.png 1024w, https:\/\/facilitech.ca\/wp-content\/uploads\/2023\/05\/enqSond2-768x466.png 768w, https:\/\/facilitech.ca\/wp-content\/uploads\/2023\/05\/enqSond2-165x100.png 165w, https:\/\/facilitech.ca\/wp-content\/uploads\/2023\/05\/enqSond2-132x80.png 132w, https:\/\/facilitech.ca\/wp-content\/uploads\/2023\/05\/enqSond2-394x239.png 394w, https:\/\/facilitech.ca\/wp-content\/uploads\/2023\/05\/enqSond2.png 1114w\" sizes=\"auto, (max-width: 915px) 100vw, 915px\" \/>\t\t\t\t\t\t\t\t\t\t\t\t\t\t<\/div>\n\t\t\t\t\t\t<\/div>\n\t\t\t\t<\/div>\n\t\t\t\t\t\t<\/div>\n\t\t\t\t\t<\/div>\n\t\t<\/div>\n\t\t\t\t<div class=\"elementor-column elementor-col-50 elementor-top-column elementor-element elementor-element-02ed6f5\" data-id=\"02ed6f5\" data-element_type=\"column\">\n\t\t\t<div class=\"elementor-column-wrap elementor-element-populated\">\n\t\t\t\t\t\t\t<div class=\"elementor-widget-wrap\">\n\t\t\t\t\t\t<div class=\"elementor-element elementor-element-7fbc511 para elementor-widget elementor-widget-text-editor\" data-id=\"7fbc511\" data-element_type=\"widget\" data-widget_type=\"text-editor.default\">\n\t\t\t\t<div class=\"elementor-widget-container\">\n\t\t\t\t\t\t\t\t<div class=\"elementor-text-editor elementor-clearfix\">\n\t\t\t\t<h2><strong>Enqu\u00eates et sondages<\/strong><\/h2><p>FaciliCall Center dispose d\u2019une longue exp\u00e9rience dans le domaine de collecte d\u2019informations et sondage par t\u00e9l\u00e9phone :<\/p><ul><li>Accompagnement dans la r\u00e9daction de l\u2019enqu\u00eate et adaptation des questions pour bien l\u2019administrer au t\u00e9l\u00e9phone<\/li><li>Une \u00e9quipe IT exp\u00e9riment\u00e9e dans la programmation de scripts de sondage qu\u2019ils soient simples ou avec des branchements conditionn\u00e9s<\/li><li>Enqu\u00eate de satisfaction, enqu\u00eate de notori\u00e9t\u00e9, sondage d\u2019opinion, pre-test et post-test de nouveaux produits<\/li><li>Possibilit\u00e9 de transcrire les enqu\u00eates directement sur votre logiciel de statistiques si vous fournissez un acc\u00e8s en extranet.<\/li><\/ul>\t\t\t\t\t<\/div>\n\t\t\t\t\t\t<\/div>\n\t\t\t\t<\/div>\n\t\t\t\t\t\t<\/div>\n\t\t\t\t\t<\/div>\n\t\t<\/div>\n\t\t\t\t\t\t\t\t<\/div>\n\t\t\t\t\t<\/div>\n\t\t<\/section>\n\t\t\t\t<section class=\"elementor-section elementor-top-section elementor-element elementor-element-5454dfa elementor-reverse-mobile elementor-section-boxed elementor-section-height-default elementor-section-height-default\" data-id=\"5454dfa\" data-element_type=\"section\">\n\t\t\t\t\t\t<div class=\"elementor-container elementor-column-gap-default\">\n\t\t\t\t\t\t\t<div class=\"elementor-row\">\n\t\t\t\t\t<div class=\"elementor-column elementor-col-50 elementor-top-column elementor-element elementor-element-5fab921\" data-id=\"5fab921\" data-element_type=\"column\">\n\t\t\t<div class=\"elementor-column-wrap elementor-element-populated\">\n\t\t\t\t\t\t\t<div class=\"elementor-widget-wrap\">\n\t\t\t\t\t\t<div class=\"elementor-element elementor-element-7a0d364 para elementor-widget elementor-widget-text-editor\" data-id=\"7a0d364\" data-element_type=\"widget\" data-widget_type=\"text-editor.default\">\n\t\t\t\t<div class=\"elementor-widget-container\">\n\t\t\t\t\t\t\t\t<div class=\"elementor-text-editor elementor-clearfix\">\n\t\t\t\t<h2><strong>Qualification de fichiers<\/strong><\/h2><p>Vous avez un fichier qui commence \u00e0 vieillir, ou auquel manquent certaines informations \u00e0 caract\u00e8re commercial ou identitaire, nous d\u00e9ployons nos ressources techniques et humaines pour le mettre \u00e0 jour dans la confidentialit\u00e9 la plus totale :<br \/>\u2022 Nous adoptons vos conditions de confidentialit\u00e9 et nous engageons sur le respect scrupuleux de celles-ci<br \/>\u2022 Enrichissement de donn\u00e9es manquantes et qualification commerciale<br \/>\u2022 Escalade syst\u00e9matique des contacts appel\u00e9s dans le cas o\u00f9 ceux-ci expriment un besoin imm\u00e9diat d\u2019entrer en contact avec votre service commercial<br \/>\u2022 Fiabilisation des donn\u00e9es \u00e0 travers notre process de contr\u00f4le qualit\u00e9<\/p>\t\t\t\t\t<\/div>\n\t\t\t\t\t\t<\/div>\n\t\t\t\t<\/div>\n\t\t\t\t\t\t<\/div>\n\t\t\t\t\t<\/div>\n\t\t<\/div>\n\t\t\t\t<div class=\"elementor-column elementor-col-50 elementor-top-column elementor-element elementor-element-38268e6\" data-id=\"38268e6\" data-element_type=\"column\">\n\t\t\t<div class=\"elementor-column-wrap elementor-element-populated\">\n\t\t\t\t\t\t\t<div class=\"elementor-widget-wrap\">\n\t\t\t\t\t\t<div class=\"elementor-element elementor-element-1ce598a elementor-widget elementor-widget-image\" data-id=\"1ce598a\" data-element_type=\"widget\" data-widget_type=\"image.default\">\n\t\t\t\t<div class=\"elementor-widget-container\">\n\t\t\t\t\t\t\t\t<div class=\"elementor-image\">\n\t\t\t\t\t\t\t\t\t\t\t\t<img loading=\"lazy\" decoding=\"async\" width=\"512\" height=\"512\" src=\"https:\/\/facilitech.ca\/wp-content\/uploads\/2023\/05\/qual-fich.png\" class=\"attachment-th_img_lg size-th_img_lg\" alt=\"\" srcset=\"https:\/\/facilitech.ca\/wp-content\/uploads\/2023\/05\/qual-fich.png 512w, https:\/\/facilitech.ca\/wp-content\/uploads\/2023\/05\/qual-fich-300x300.png 300w, https:\/\/facilitech.ca\/wp-content\/uploads\/2023\/05\/qual-fich-150x150.png 150w, https:\/\/facilitech.ca\/wp-content\/uploads\/2023\/05\/qual-fich-100x100.png 100w, https:\/\/facilitech.ca\/wp-content\/uploads\/2023\/05\/qual-fich-80x80.png 80w, https:\/\/facilitech.ca\/wp-content\/uploads\/2023\/05\/qual-fich-394x394.png 394w, https:\/\/facilitech.ca\/wp-content\/uploads\/2023\/05\/qual-fich-303x303.png 303w\" sizes=\"auto, (max-width: 512px) 100vw, 512px\" \/>\t\t\t\t\t\t\t\t\t\t\t\t\t\t<\/div>\n\t\t\t\t\t\t<\/div>\n\t\t\t\t<\/div>\n\t\t\t\t\t\t<\/div>\n\t\t\t\t\t<\/div>\n\t\t<\/div>\n\t\t\t\t\t\t\t\t<\/div>\n\t\t\t\t\t<\/div>\n\t\t<\/section>\n\t\t\t\t<section class=\"elementor-section elementor-top-section elementor-element elementor-element-31821ea elementor-section-boxed elementor-section-height-default elementor-section-height-default\" data-id=\"31821ea\" data-element_type=\"section\">\n\t\t\t\t\t\t<div class=\"elementor-container elementor-column-gap-default\">\n\t\t\t\t\t\t\t<div class=\"elementor-row\">\n\t\t\t\t\t<div class=\"elementor-column elementor-col-50 elementor-top-column elementor-element elementor-element-c915658\" data-id=\"c915658\" data-element_type=\"column\">\n\t\t\t<div class=\"elementor-column-wrap elementor-element-populated\">\n\t\t\t\t\t\t\t<div class=\"elementor-widget-wrap\">\n\t\t\t\t\t\t<div class=\"elementor-element elementor-element-b8ee5a2 elementor-widget elementor-widget-image\" data-id=\"b8ee5a2\" data-element_type=\"widget\" data-widget_type=\"image.default\">\n\t\t\t\t<div class=\"elementor-widget-container\">\n\t\t\t\t\t\t\t\t<div class=\"elementor-image\">\n\t\t\t\t\t\t\t\t\t\t\t\t<img loading=\"lazy\" decoding=\"async\" width=\"1024\" height=\"657\" src=\"https:\/\/facilitech.ca\/wp-content\/uploads\/2023\/05\/recep-appel-1024x657.png\" class=\"attachment-large size-large\" alt=\"\" srcset=\"https:\/\/facilitech.ca\/wp-content\/uploads\/2023\/05\/recep-appel-1024x657.png 1024w, https:\/\/facilitech.ca\/wp-content\/uploads\/2023\/05\/recep-appel-300x193.png 300w, https:\/\/facilitech.ca\/wp-content\/uploads\/2023\/05\/recep-appel-768x493.png 768w, https:\/\/facilitech.ca\/wp-content\/uploads\/2023\/05\/recep-appel-1536x986.png 1536w, https:\/\/facilitech.ca\/wp-content\/uploads\/2023\/05\/recep-appel-156x100.png 156w, https:\/\/facilitech.ca\/wp-content\/uploads\/2023\/05\/recep-appel-125x80.png 125w, https:\/\/facilitech.ca\/wp-content\/uploads\/2023\/05\/recep-appel-394x253.png 394w, https:\/\/facilitech.ca\/wp-content\/uploads\/2023\/05\/recep-appel-915x587.png 915w, https:\/\/facilitech.ca\/wp-content\/uploads\/2023\/05\/recep-appel-1240x796.png 1240w, https:\/\/facilitech.ca\/wp-content\/uploads\/2023\/05\/recep-appel-1683x1080.png 1683w, https:\/\/facilitech.ca\/wp-content\/uploads\/2023\/05\/recep-appel.png 1901w\" sizes=\"auto, (max-width: 1024px) 100vw, 1024px\" \/>\t\t\t\t\t\t\t\t\t\t\t\t\t\t<\/div>\n\t\t\t\t\t\t<\/div>\n\t\t\t\t<\/div>\n\t\t\t\t\t\t<\/div>\n\t\t\t\t\t<\/div>\n\t\t<\/div>\n\t\t\t\t<div class=\"elementor-column elementor-col-50 elementor-top-column elementor-element elementor-element-df4b7e4\" data-id=\"df4b7e4\" data-element_type=\"column\">\n\t\t\t<div class=\"elementor-column-wrap elementor-element-populated\">\n\t\t\t\t\t\t\t<div class=\"elementor-widget-wrap\">\n\t\t\t\t\t\t<div class=\"elementor-element elementor-element-aca51a7 para elementor-widget elementor-widget-text-editor\" data-id=\"aca51a7\" data-element_type=\"widget\" data-widget_type=\"text-editor.default\">\n\t\t\t\t<div class=\"elementor-widget-container\">\n\t\t\t\t\t\t\t\t<div class=\"elementor-text-editor elementor-clearfix\">\n\t\t\t\t<h2><strong>R\u00e9ception d\u2019appel<\/strong><\/h2><p>Pour donner \u00e0 votre entreprise une vitrine professionnelle, accueillante et efficace, nous vous proposons une prestation en appels entrants :<br \/>\u2022 Accueil t\u00e9l\u00e9phonique et centre de relation client (CRC)<br \/>\u2022 Permanence t\u00e9l\u00e9phonique le soir et week-end<br \/>\u2022 T\u00e9l\u00e9secr\u00e9tariat avec gestion des agendas<br \/>\u2022 Helpdesk (CRC) \/ Hotline : assistance technique, d\u00e9pannage en ligne ou prise en charge d\u2019appels urgents<\/p>\t\t\t\t\t<\/div>\n\t\t\t\t\t\t<\/div>\n\t\t\t\t<\/div>\n\t\t\t\t\t\t<\/div>\n\t\t\t\t\t<\/div>\n\t\t<\/div>\n\t\t\t\t\t\t\t\t<\/div>\n\t\t\t\t\t<\/div>\n\t\t<\/section>\n\t\t\t\t\t\t\t\t\t<\/div>\n\t\t\t<\/div>\n\t\t\t\t\t<\/div>\n\t\t","protected":false},"excerpt":{"rendered":"<p>Prise de rendez-vous FaciliCall Center est sp\u00e9cialis\u00e9 dans la prise de rendez-vous qualifi\u00e9e, nous d\u00e9veloppons nos m\u00e9thodes de production et de contr\u00f4le qualit\u00e9 jour apr\u00e8s jour afin d\u2019accro\u00eetre \u00e0 la fois les r\u00e9sultats et la satisfaction de nos clients. FaciliCall &hellip; <a href=\"https:\/\/facilitech.ca\/services-specialises\">Read More<\/a><\/p>\n","protected":false},"author":2,"featured_media":0,"parent":0,"menu_order":0,"comment_status":"closed","ping_status":"closed","template":"","meta":{"_monsterinsights_skip_tracking":false,"_monsterinsights_sitenote_active":false,"_monsterinsights_sitenote_note":"","_monsterinsights_sitenote_category":0,"footnotes":""},"class_list":["post-1431","page","type-page","status-publish","hentry"],"aioseo_notices":[],"_links":{"self":[{"href":"https:\/\/facilitech.ca\/wp-json\/wp\/v2\/pages\/1431","targetHints":{"allow":["GET"]}}],"collection":[{"href":"https:\/\/facilitech.ca\/wp-json\/wp\/v2\/pages"}],"about":[{"href":"https:\/\/facilitech.ca\/wp-json\/wp\/v2\/types\/page"}],"author":[{"embeddable":true,"href":"https:\/\/facilitech.ca\/wp-json\/wp\/v2\/users\/2"}],"replies":[{"embeddable":true,"href":"https:\/\/facilitech.ca\/wp-json\/wp\/v2\/comments?post=1431"}],"version-history":[{"count":52,"href":"https:\/\/facilitech.ca\/wp-json\/wp\/v2\/pages\/1431\/revisions"}],"predecessor-version":[{"id":1590,"href":"https:\/\/facilitech.ca\/wp-json\/wp\/v2\/pages\/1431\/revisions\/1590"}],"wp:attachment":[{"href":"https:\/\/facilitech.ca\/wp-json\/wp\/v2\/media?parent=1431"}],"curies":[{"name":"wp","href":"https:\/\/api.w.org\/{rel}","templated":true}]}}