{"id":858,"date":"2023-04-07T14:25:23","date_gmt":"2023-04-07T18:25:23","guid":{"rendered":"https:\/\/facilitech.ca\/?page_id=858"},"modified":"2023-05-28T20:09:15","modified_gmt":"2023-05-29T00:09:15","slug":"conseils-strategiques","status":"publish","type":"page","link":"https:\/\/facilitech.ca\/conseils-strategiques","title":{"rendered":"Conseils strat\u00e9giques"},"content":{"rendered":"\t\t<div data-elementor-type=\"wp-page\" data-elementor-id=\"858\" class=\"elementor elementor-858\">\n\t\t\t\t\t\t<div class=\"elementor-inner\">\n\t\t\t\t<div class=\"elementor-section-wrap\">\n\t\t\t\t\t\t\t\t\t<section class=\"elementor-section elementor-top-section elementor-element elementor-element-c4e1b96 elementor-section-boxed elementor-section-height-default elementor-section-height-default\" data-id=\"c4e1b96\" data-element_type=\"section\">\n\t\t\t\t\t\t<div class=\"elementor-container elementor-column-gap-default\">\n\t\t\t\t\t\t\t<div class=\"elementor-row\">\n\t\t\t\t\t<div class=\"elementor-column elementor-col-33 elementor-top-column elementor-element elementor-element-321c872\" data-id=\"321c872\" data-element_type=\"column\">\n\t\t\t<div class=\"elementor-column-wrap elementor-element-populated\">\n\t\t\t\t\t\t\t<div class=\"elementor-widget-wrap\">\n\t\t\t\t\t\t<div class=\"elementor-element elementor-element-8b85157 elementor-widget elementor-widget-image\" data-id=\"8b85157\" data-element_type=\"widget\" data-widget_type=\"image.default\">\n\t\t\t\t<div class=\"elementor-widget-container\">\n\t\t\t\t\t\t\t\t<div class=\"elementor-image\">\n\t\t\t\t\t\t\t\t\t\t\t\t<img loading=\"lazy\" decoding=\"async\" width=\"649\" height=\"400\" src=\"https:\/\/facilitech.ca\/wp-content\/uploads\/2023\/05\/strategic-consulting-illustration.png\" class=\"attachment-large size-large\" alt=\"\" srcset=\"https:\/\/facilitech.ca\/wp-content\/uploads\/2023\/05\/strategic-consulting-illustration.png 649w, https:\/\/facilitech.ca\/wp-content\/uploads\/2023\/05\/strategic-consulting-illustration-300x185.png 300w, https:\/\/facilitech.ca\/wp-content\/uploads\/2023\/05\/strategic-consulting-illustration-162x100.png 162w, https:\/\/facilitech.ca\/wp-content\/uploads\/2023\/05\/strategic-consulting-illustration-130x80.png 130w, https:\/\/facilitech.ca\/wp-content\/uploads\/2023\/05\/strategic-consulting-illustration-394x243.png 394w\" sizes=\"auto, (max-width: 649px) 100vw, 649px\" \/>\t\t\t\t\t\t\t\t\t\t\t\t\t\t<\/div>\n\t\t\t\t\t\t<\/div>\n\t\t\t\t<\/div>\n\t\t\t\t\t\t<\/div>\n\t\t\t\t\t<\/div>\n\t\t<\/div>\n\t\t\t\t<div class=\"elementor-column elementor-col-66 elementor-top-column elementor-element elementor-element-74c0fb0\" data-id=\"74c0fb0\" data-element_type=\"column\">\n\t\t\t<div class=\"elementor-column-wrap elementor-element-populated\">\n\t\t\t\t\t\t\t<div class=\"elementor-widget-wrap\">\n\t\t\t\t\t\t<div class=\"elementor-element elementor-element-931368b para elementor-widget elementor-widget-text-editor\" data-id=\"931368b\" data-element_type=\"widget\" data-widget_type=\"text-editor.default\">\n\t\t\t\t<div class=\"elementor-widget-container\">\n\t\t\t\t\t\t\t\t<div class=\"elementor-text-editor elementor-clearfix\">\n\t\t\t\t<p><strong>Une strat\u00e9gie coh\u00e9rente et une gouvernance avertie comme levier de croissance&#8230;<\/strong><br \/>Nos praticiens en conseils strat\u00e9giques vous aident \u00e0 reconnaitre et exploiter les opportunit\u00e9s qui s&rsquo;offrent \u00e0 votre organisation. De la planification strat\u00e9gique \u00e0 l&rsquo;impl\u00e9mentation de solutions tactiques et op\u00e9rationnelles nos conseils accompagnent vos d\u00e9cideurs dans l&rsquo;atteindre des cibles<\/p><p><b>Les conseils strat\u00e9giques<\/b> sont des directives et des recommandations destin\u00e9es \u00e0 aider une entreprise \u00e0 atteindre ses objectifs \u00e0 long terme.<\/p>\t\t\t\t\t<\/div>\n\t\t\t\t\t\t<\/div>\n\t\t\t\t<\/div>\n\t\t\t\t\t\t<\/div>\n\t\t\t\t\t<\/div>\n\t\t<\/div>\n\t\t\t\t\t\t\t\t<\/div>\n\t\t\t\t\t<\/div>\n\t\t<\/section>\n\t\t\t\t<section class=\"elementor-section elementor-top-section elementor-element elementor-element-0dedcb4 elementor-section-boxed elementor-section-height-default elementor-section-height-default\" data-id=\"0dedcb4\" data-element_type=\"section\">\n\t\t\t\t\t\t<div class=\"elementor-container elementor-column-gap-default\">\n\t\t\t\t\t\t\t<div class=\"elementor-row\">\n\t\t\t\t\t<div class=\"elementor-column elementor-col-100 elementor-top-column elementor-element elementor-element-5eeff1b\" data-id=\"5eeff1b\" data-element_type=\"column\">\n\t\t\t<div class=\"elementor-column-wrap elementor-element-populated\">\n\t\t\t\t\t\t\t<div class=\"elementor-widget-wrap\">\n\t\t\t\t\t\t<div class=\"elementor-element elementor-element-9499031 para elementor-widget elementor-widget-text-editor\" data-id=\"9499031\" data-element_type=\"widget\" data-widget_type=\"text-editor.default\">\n\t\t\t\t<div class=\"elementor-widget-container\">\n\t\t\t\t\t\t\t\t<div class=\"elementor-text-editor elementor-clearfix\">\n\t\t\t\t<p>Ces conseils peuvent \u00eatre li\u00e9s \u00e0 la strat\u00e9gie commerciale, \u00e0 la gestion des ressources humaines, \u00e0 l&rsquo;utilisation de la technologie, \u00e0 l&rsquo;analyse des donn\u00e9es, au d\u00e9veloppement d&rsquo;affaires etc.\u00a0\u00a0<strong><br \/><\/strong><\/p><p><strong>Une vision<\/strong> claire de l&rsquo;entreprise et une connaissance approfondie du march\u00e9 sont des \u00e9l\u00e9ments cl\u00e9s pour \u00e9laborer une strat\u00e9gie efficace. En identifiant les avantages concurrentiels de l&rsquo;entreprise, il est possible de se diff\u00e9rencier des concurrents et d&rsquo;am\u00e9liorer sa position sur le march\u00e9.<\/p><p><strong>La flexibilit\u00e9<\/strong> est \u00e9galement importante car le march\u00e9 est en constante \u00e9volution. Il est donc essentiel de s&rsquo;adapter rapidement aux changements et de saisir les opportunit\u00e9s qui se pr\u00e9sentent.<\/p><p><strong>Investir<\/strong> dans les employ\u00e9s est un autre \u00e9l\u00e9ment cl\u00e9 des conseils strat\u00e9giques. Les employ\u00e9s sont la force vive de l&rsquo;entreprise et leur d\u00e9veloppement personnel et professionnel peut contribuer grandement \u00e0 la r\u00e9ussite de l&rsquo;entreprise.<\/p><p>Enfin, l&rsquo;<strong>utilisation de la technologie<\/strong> et l&rsquo;analyse des donn\u00e9es peuvent aider l&rsquo;entreprise \u00e0 am\u00e9liorer ses performances et \u00e0 prendre des d\u00e9cisions \u00e9clair\u00e9es. En combinant ces \u00e9l\u00e9ments, l&rsquo;entreprise peut \u00e9laborer une strat\u00e9gie solide pour atteindre ses objectifs \u00e0 long terme<\/p><div>\u00a0<\/div>\t\t\t\t\t<\/div>\n\t\t\t\t\t\t<\/div>\n\t\t\t\t<\/div>\n\t\t\t\t<div class=\"elementor-element elementor-element-25aceb1 elementor-widget elementor-widget-spacer\" data-id=\"25aceb1\" data-element_type=\"widget\" data-widget_type=\"spacer.default\">\n\t\t\t\t<div class=\"elementor-widget-container\">\n\t\t\t\t\t<div class=\"elementor-spacer\">\n\t\t\t<div class=\"elementor-spacer-inner\"><\/div>\n\t\t<\/div>\n\t\t\t\t<\/div>\n\t\t\t\t<\/div>\n\t\t\t\t\t\t<\/div>\n\t\t\t\t\t<\/div>\n\t\t<\/div>\n\t\t\t\t\t\t\t\t<\/div>\n\t\t\t\t\t<\/div>\n\t\t<\/section>\n\t\t\t\t\t\t\t\t\t<\/div>\n\t\t\t<\/div>\n\t\t\t\t\t<\/div>\n\t\t","protected":false},"excerpt":{"rendered":"<p>Une strat\u00e9gie coh\u00e9rente et une gouvernance avertie comme levier de croissance&#8230;Nos praticiens en conseils strat\u00e9giques vous aident \u00e0 reconnaitre et exploiter les opportunit\u00e9s qui s&rsquo;offrent \u00e0 votre organisation. De la planification strat\u00e9gique \u00e0 l&rsquo;impl\u00e9mentation de solutions tactiques et op\u00e9rationnelles nos &hellip; <a href=\"https:\/\/facilitech.ca\/conseils-strategiques\">Read More<\/a><\/p>\n","protected":false},"author":2,"featured_media":0,"parent":0,"menu_order":0,"comment_status":"closed","ping_status":"closed","template":"","meta":{"_monsterinsights_skip_tracking":false,"_monsterinsights_sitenote_active":false,"_monsterinsights_sitenote_note":"","_monsterinsights_sitenote_category":0,"footnotes":""},"class_list":["post-858","page","type-page","status-publish","hentry"],"aioseo_notices":[],"_links":{"self":[{"href":"https:\/\/facilitech.ca\/wp-json\/wp\/v2\/pages\/858","targetHints":{"allow":["GET"]}}],"collection":[{"href":"https:\/\/facilitech.ca\/wp-json\/wp\/v2\/pages"}],"about":[{"href":"https:\/\/facilitech.ca\/wp-json\/wp\/v2\/types\/page"}],"author":[{"embeddable":true,"href":"https:\/\/facilitech.ca\/wp-json\/wp\/v2\/users\/2"}],"replies":[{"embeddable":true,"href":"https:\/\/facilitech.ca\/wp-json\/wp\/v2\/comments?post=858"}],"version-history":[{"count":105,"href":"https:\/\/facilitech.ca\/wp-json\/wp\/v2\/pages\/858\/revisions"}],"predecessor-version":[{"id":1574,"href":"https:\/\/facilitech.ca\/wp-json\/wp\/v2\/pages\/858\/revisions\/1574"}],"wp:attachment":[{"href":"https:\/\/facilitech.ca\/wp-json\/wp\/v2\/media?parent=858"}],"curies":[{"name":"wp","href":"https:\/\/api.w.org\/{rel}","templated":true}]}}